{"id":751,"date":"2015-01-07T12:03:25","date_gmt":"2015-01-07T10:03:25","guid":{"rendered":"http:\/\/roethlisberger.ch\/cms\/?page_id=751"},"modified":"2023-12-14T14:03:49","modified_gmt":"2023-12-14T13:03:49","slug":"impressum","status":"publish","type":"page","link":"https:\/\/roethlisberger.ch\/en\/credits\/","title":{"rendered":"Credits"},"content":{"rendered":"<p><\/p>\n<h2>Credits<\/h2>\n<p>&nbsp;<\/p>\n<h2>Concept &amp; Design<\/h2>\n<p>Lukas Wanner Communication Design, Z\u00fcrich<br \/>\n<a href=\"http:\/\/www.lukaswanner.ch\" target=\"_blank\" rel=\"noopener noreferrer\">www.lukaswanner.ch<\/a><\/p>\n<p>&nbsp;<\/p>\n<h2>Programming<\/h2>\n<p>Fint, Z\u00fcrich<br \/>\n<a href=\"http:\/\/www.fint.ch\" target=\"_blank\" rel=\"noopener noreferrer\">www.fint.ch<\/a><\/p>\n<p>&nbsp;<\/p>\n<h2>Contents<\/h2>\n<p>R\u00f6thlisberger Schreinerei AG, G\u00fcmligen<\/p>\n<p>&nbsp;<\/p>\n<h2>Disclaimer<\/h2>\n<p><u>Liability for Contents<\/u><\/p>\n<p>The content of the site www.roethlisberger.ch has been created with care. However, we cannot guarantee the accuracy, completeness, and timeliness of the content. As a service provider, we are solely responsible for our own content on the site.<\/p>\n<p><u>Liability for Links<\/u><\/p>\n<p>We provide visitors with links to third-party websites. Since we have no influence on their content, no guarantee can be provided by R\u00f6thlisberger Schreinerei AG. At the time of linking, we checked the content and found no illegal offers. Should we become aware, or be informed by others, of any illegal content, we will immediately remove these links.<\/p>\n<p>&nbsp;<\/p>\n<h2>Copyright<\/h2>\n<p>The contents shown on this site are subject to Swiss copyright law. The duplication, processing, distribution, and any kind of exploitation outside the limits of copyright law require the written consent of R\u00f6thlisberger Schreinerei AG. The copyrights of third parties have been duly considered. We are happy to assist you upon request.<\/p>","protected":false},"excerpt":{"rendered":"<p>Credits &nbsp; Concept &amp; Design Lukas Wanner Communication Design, Z\u00fcrich www.lukaswanner.ch &nbsp; Programming Fint, Z\u00fcrich www.fint.ch &nbsp; Contents R\u00f6thlisberger Schreinerei AG, G\u00fcmligen &nbsp; Disclaimer Liability for Contents The content of the site www.roethlisberger.ch has been created with care. However, we &hellip;<\/p>\n","protected":false},"author":1,"featured_media":0,"parent":0,"menu_order":20,"comment_status":"closed","ping_status":"closed","template":"","meta":{"_acf_changed":false,"footnotes":""},"class_list":["post-751","page","type-page","status-publish","hentry",""],"acf":[],"yoast_head":"<!-- This site is optimized with the Yoast SEO plugin v24.3 - https:\/\/yoast.com\/wordpress\/plugins\/seo\/ -->\n<title>Credits - R\u00f6thlisberger Kollektion | R\u00f6thlisberger Innenausbau<\/title>\n<meta name=\"robots\" content=\"index, follow, max-snippet:-1, max-image-preview:large, max-video-preview:-1\" \/>\n<link rel=\"canonical\" href=\"https:\/\/roethlisberger.ch\/en\/impressum\/\" \/>\n<meta property=\"og:locale\" content=\"en_US\" \/>\n<meta property=\"og:type\" content=\"article\" \/>\n<meta property=\"og:title\" content=\"Credits - R\u00f6thlisberger Kollektion | R\u00f6thlisberger Innenausbau\" \/>\n<meta property=\"og:description\" content=\"Credits &nbsp; Concept &amp; Design Lukas Wanner Communication Design, Z\u00fcrich www.lukaswanner.ch &nbsp; Programming Fint, Z\u00fcrich www.fint.ch &nbsp; Contents R\u00f6thlisberger Schreinerei AG, G\u00fcmligen &nbsp; Disclaimer Liability for Contents The content of the site www.roethlisberger.ch has been created with care. However, we &hellip;\" \/>\n<meta property=\"og:url\" content=\"https:\/\/roethlisberger.ch\/en\/impressum\/\" \/>\n<meta property=\"og:site_name\" content=\"R\u00f6thlisberger Kollektion | R\u00f6thlisberger Innenausbau\" \/>\n<meta property=\"article:modified_time\" content=\"2023-12-14T13:03:49+00:00\" \/>\n<meta name=\"twitter:label1\" content=\"Est. reading time\" \/>\n\t<meta name=\"twitter:data1\" content=\"1 minute\" \/>\n<script type=\"application\/ld+json\" class=\"yoast-schema-graph\">{\"@context\":\"https:\/\/schema.org\",\"@graph\":[{\"@type\":\"WebPage\",\"@id\":\"https:\/\/roethlisberger.ch\/en\/impressum\/\",\"url\":\"https:\/\/roethlisberger.ch\/en\/impressum\/\",\"name\":\"Credits - R\u00f6thlisberger Kollektion | R\u00f6thlisberger Innenausbau\",\"isPartOf\":{\"@id\":\"https:\/\/roethlisberger.ch\/en\/#website\"},\"datePublished\":\"2015-01-07T10:03:25+00:00\",\"dateModified\":\"2023-12-14T13:03:49+00:00\",\"breadcrumb\":{\"@id\":\"https:\/\/roethlisberger.ch\/en\/impressum\/#breadcrumb\"},\"inLanguage\":\"en-US\",\"potentialAction\":[{\"@type\":\"ReadAction\",\"target\":[[\"https:\/\/roethlisberger.ch\/en\/impressum\/\"]]}]},{\"@type\":\"BreadcrumbList\",\"@id\":\"https:\/\/roethlisberger.ch\/en\/impressum\/#breadcrumb\",\"itemListElement\":[{\"@type\":\"ListItem\",\"position\":1,\"name\":\"Home\",\"item\":\"https:\/\/roethlisberger.ch\/en\/\"},{\"@type\":\"ListItem\",\"position\":2,\"name\":\"Impressum\"}]},{\"@type\":\"WebSite\",\"@id\":\"https:\/\/roethlisberger.ch\/en\/#website\",\"url\":\"https:\/\/roethlisberger.ch\/en\/\",\"name\":\"R\u00f6thlisberger Kollektion | R\u00f6thlisberger Innenausbau\",\"description\":\"\",\"potentialAction\":[{\"@type\":\"SearchAction\",\"target\":{\"@type\":\"EntryPoint\",\"urlTemplate\":\"https:\/\/roethlisberger.ch\/en\/?s={search_term_string}\"},\"query-input\":{\"@type\":\"PropertyValueSpecification\",\"valueRequired\":true,\"valueName\":\"search_term_string\"}}],\"inLanguage\":\"en-US\"}]}<\/script>\n<!-- \/ Yoast SEO plugin. -->","yoast_head_json":{"title":"Credits - R\u00f6thlisberger Kollektion | R\u00f6thlisberger Innenausbau","robots":{"index":"index","follow":"follow","max-snippet":"max-snippet:-1","max-image-preview":"max-image-preview:large","max-video-preview":"max-video-preview:-1"},"canonical":"https:\/\/roethlisberger.ch\/en\/impressum\/","og_locale":"en_US","og_type":"article","og_title":"Credits - R\u00f6thlisberger Kollektion | R\u00f6thlisberger Innenausbau","og_description":"Credits &nbsp; Concept &amp; Design Lukas Wanner Communication Design, Z\u00fcrich www.lukaswanner.ch &nbsp; Programming Fint, Z\u00fcrich www.fint.ch &nbsp; Contents R\u00f6thlisberger Schreinerei AG, G\u00fcmligen &nbsp; Disclaimer Liability for Contents The content of the site www.roethlisberger.ch has been created with care. However, we &hellip;","og_url":"https:\/\/roethlisberger.ch\/en\/impressum\/","og_site_name":"R\u00f6thlisberger Kollektion | R\u00f6thlisberger Innenausbau","article_modified_time":"2023-12-14T13:03:49+00:00","twitter_misc":{"Est. reading time":"1 minute"},"schema":{"@context":"https:\/\/schema.org","@graph":[{"@type":"WebPage","@id":"https:\/\/roethlisberger.ch\/en\/impressum\/","url":"https:\/\/roethlisberger.ch\/en\/impressum\/","name":"Credits - R\u00f6thlisberger Kollektion | R\u00f6thlisberger Innenausbau","isPartOf":{"@id":"https:\/\/roethlisberger.ch\/en\/#website"},"datePublished":"2015-01-07T10:03:25+00:00","dateModified":"2023-12-14T13:03:49+00:00","breadcrumb":{"@id":"https:\/\/roethlisberger.ch\/en\/impressum\/#breadcrumb"},"inLanguage":"en-US","potentialAction":[{"@type":"ReadAction","target":[["https:\/\/roethlisberger.ch\/en\/impressum\/"]]}]},{"@type":"BreadcrumbList","@id":"https:\/\/roethlisberger.ch\/en\/impressum\/#breadcrumb","itemListElement":[{"@type":"ListItem","position":1,"name":"Home","item":"https:\/\/roethlisberger.ch\/en\/"},{"@type":"ListItem","position":2,"name":"Impressum"}]},{"@type":"WebSite","@id":"https:\/\/roethlisberger.ch\/en\/#website","url":"https:\/\/roethlisberger.ch\/en\/","name":"R\u00f6thlisberger Kollektion | R\u00f6thlisberger Innenausbau","description":"","potentialAction":[{"@type":"SearchAction","target":{"@type":"EntryPoint","urlTemplate":"https:\/\/roethlisberger.ch\/en\/?s={search_term_string}"},"query-input":{"@type":"PropertyValueSpecification","valueRequired":true,"valueName":"search_term_string"}}],"inLanguage":"en-US"}]}},"_links":{"self":[{"href":"https:\/\/roethlisberger.ch\/en\/wp-json\/wp\/v2\/pages\/751","targetHints":{"allow":["GET"]}}],"collection":[{"href":"https:\/\/roethlisberger.ch\/en\/wp-json\/wp\/v2\/pages"}],"about":[{"href":"https:\/\/roethlisberger.ch\/en\/wp-json\/wp\/v2\/types\/page"}],"author":[{"embeddable":true,"href":"https:\/\/roethlisberger.ch\/en\/wp-json\/wp\/v2\/users\/1"}],"replies":[{"embeddable":true,"href":"https:\/\/roethlisberger.ch\/en\/wp-json\/wp\/v2\/comments?post=751"}],"version-history":[{"count":30,"href":"https:\/\/roethlisberger.ch\/en\/wp-json\/wp\/v2\/pages\/751\/revisions"}],"predecessor-version":[{"id":8922,"href":"https:\/\/roethlisberger.ch\/en\/wp-json\/wp\/v2\/pages\/751\/revisions\/8922"}],"wp:attachment":[{"href":"https:\/\/roethlisberger.ch\/en\/wp-json\/wp\/v2\/media?parent=751"}],"curies":[{"name":"wp","href":"https:\/\/api.w.org\/{rel}","templated":true}]}}