{"id":458,"date":"2014-12-16T18:47:47","date_gmt":"2014-12-16T16:47:47","guid":{"rendered":"http:\/\/roethlisberger.ch\/cms\/?page_id=458"},"modified":"2025-02-05T10:55:35","modified_gmt":"2025-02-05T09:55:35","slug":"archiv","status":"publish","type":"page","link":"https:\/\/roethlisberger.ch\/en\/archive\/","title":{"rendered":"Archive"},"content":{"rendered":"<p><\/p>\n<h2>R\u00f6 Archive<\/h2>\n<p>Explore the journey of R\u00f6thlisberger through our past collections. While these pieces are no longer part of our current range, each one has shaped our story and reflects our passion for design and craftsmanship. Occasionally, some pieces might return as part of our <a href=\"https:\/\/roethlisberger.ch\/editions\/\">R\u00f6 Editions<\/a>\u00a0in small-batch productions, and others may still be produced on request.<\/p>\n<p><a class=\"btn btn-default btn-dark\" href=\"javascript:DeCryptX('2m1p2n1m2g2m1u2k3r1o2B2t0o1f3w1i1m3l3v1c1f3u2i0e2t0.1d2j')\">Enquire<\/a><\/p>","protected":false},"excerpt":{"rendered":"<p>R\u00f6 Archive Explore the journey of R\u00f6thlisberger through our past collections. While these pieces are no longer part of our current range, each one has shaped our story and reflects our passion for design and craftsmanship. Occasionally, some pieces might &hellip;<\/p>\n","protected":false},"author":1,"featured_media":0,"parent":0,"menu_order":11,"comment_status":"closed","ping_status":"closed","template":"","meta":{"_acf_changed":false,"footnotes":""},"class_list":["post-458","page","type-page","status-publish","hentry",""],"acf":[],"yoast_head":"<!-- This site is optimized with the Yoast SEO plugin v24.3 - https:\/\/yoast.com\/wordpress\/plugins\/seo\/ -->\n<title>Archive - R\u00f6thlisberger Kollektion | R\u00f6thlisberger Innenausbau<\/title>\n<meta name=\"robots\" content=\"index, follow, max-snippet:-1, max-image-preview:large, max-video-preview:-1\" \/>\n<link rel=\"canonical\" href=\"https:\/\/roethlisberger.ch\/en\/archiv\/\" \/>\n<meta property=\"og:locale\" content=\"en_US\" \/>\n<meta property=\"og:type\" content=\"article\" \/>\n<meta property=\"og:title\" content=\"Archive - R\u00f6thlisberger Kollektion | R\u00f6thlisberger Innenausbau\" \/>\n<meta property=\"og:description\" content=\"R\u00f6 Archive Explore the journey of R\u00f6thlisberger through our past collections. While these pieces are no longer part of our current range, each one has shaped our story and reflects our passion for design and craftsmanship. Occasionally, some pieces might &hellip;\" \/>\n<meta property=\"og:url\" content=\"https:\/\/roethlisberger.ch\/en\/archiv\/\" \/>\n<meta property=\"og:site_name\" content=\"R\u00f6thlisberger Kollektion | R\u00f6thlisberger Innenausbau\" \/>\n<meta property=\"article:modified_time\" content=\"2025-02-05T09:55:35+00:00\" \/>\n<meta name=\"twitter:label1\" content=\"Est. reading time\" \/>\n\t<meta name=\"twitter:data1\" content=\"1 minute\" \/>\n<script type=\"application\/ld+json\" class=\"yoast-schema-graph\">{\"@context\":\"https:\/\/schema.org\",\"@graph\":[{\"@type\":\"WebPage\",\"@id\":\"https:\/\/roethlisberger.ch\/en\/archiv\/\",\"url\":\"https:\/\/roethlisberger.ch\/en\/archiv\/\",\"name\":\"Archive - R\u00f6thlisberger Kollektion | R\u00f6thlisberger Innenausbau\",\"isPartOf\":{\"@id\":\"https:\/\/roethlisberger.ch\/en\/#website\"},\"datePublished\":\"2014-12-16T16:47:47+00:00\",\"dateModified\":\"2025-02-05T09:55:35+00:00\",\"breadcrumb\":{\"@id\":\"https:\/\/roethlisberger.ch\/en\/archiv\/#breadcrumb\"},\"inLanguage\":\"en-US\",\"potentialAction\":[{\"@type\":\"ReadAction\",\"target\":[[\"https:\/\/roethlisberger.ch\/en\/archiv\/\"]]}]},{\"@type\":\"BreadcrumbList\",\"@id\":\"https:\/\/roethlisberger.ch\/en\/archiv\/#breadcrumb\",\"itemListElement\":[{\"@type\":\"ListItem\",\"position\":1,\"name\":\"Home\",\"item\":\"https:\/\/roethlisberger.ch\/en\/\"},{\"@type\":\"ListItem\",\"position\":2,\"name\":\"Archiv\"}]},{\"@type\":\"WebSite\",\"@id\":\"https:\/\/roethlisberger.ch\/en\/#website\",\"url\":\"https:\/\/roethlisberger.ch\/en\/\",\"name\":\"R\u00f6thlisberger Kollektion | R\u00f6thlisberger Innenausbau\",\"description\":\"\",\"potentialAction\":[{\"@type\":\"SearchAction\",\"target\":{\"@type\":\"EntryPoint\",\"urlTemplate\":\"https:\/\/roethlisberger.ch\/en\/?s={search_term_string}\"},\"query-input\":{\"@type\":\"PropertyValueSpecification\",\"valueRequired\":true,\"valueName\":\"search_term_string\"}}],\"inLanguage\":\"en-US\"}]}<\/script>\n<!-- \/ Yoast SEO plugin. -->","yoast_head_json":{"title":"Archive - R\u00f6thlisberger Kollektion | R\u00f6thlisberger Innenausbau","robots":{"index":"index","follow":"follow","max-snippet":"max-snippet:-1","max-image-preview":"max-image-preview:large","max-video-preview":"max-video-preview:-1"},"canonical":"https:\/\/roethlisberger.ch\/en\/archiv\/","og_locale":"en_US","og_type":"article","og_title":"Archive - R\u00f6thlisberger Kollektion | R\u00f6thlisberger Innenausbau","og_description":"R\u00f6 Archive Explore the journey of R\u00f6thlisberger through our past collections. While these pieces are no longer part of our current range, each one has shaped our story and reflects our passion for design and craftsmanship. Occasionally, some pieces might &hellip;","og_url":"https:\/\/roethlisberger.ch\/en\/archiv\/","og_site_name":"R\u00f6thlisberger Kollektion | R\u00f6thlisberger Innenausbau","article_modified_time":"2025-02-05T09:55:35+00:00","twitter_misc":{"Est. reading time":"1 minute"},"schema":{"@context":"https:\/\/schema.org","@graph":[{"@type":"WebPage","@id":"https:\/\/roethlisberger.ch\/en\/archiv\/","url":"https:\/\/roethlisberger.ch\/en\/archiv\/","name":"Archive - R\u00f6thlisberger Kollektion | R\u00f6thlisberger Innenausbau","isPartOf":{"@id":"https:\/\/roethlisberger.ch\/en\/#website"},"datePublished":"2014-12-16T16:47:47+00:00","dateModified":"2025-02-05T09:55:35+00:00","breadcrumb":{"@id":"https:\/\/roethlisberger.ch\/en\/archiv\/#breadcrumb"},"inLanguage":"en-US","potentialAction":[{"@type":"ReadAction","target":[["https:\/\/roethlisberger.ch\/en\/archiv\/"]]}]},{"@type":"BreadcrumbList","@id":"https:\/\/roethlisberger.ch\/en\/archiv\/#breadcrumb","itemListElement":[{"@type":"ListItem","position":1,"name":"Home","item":"https:\/\/roethlisberger.ch\/en\/"},{"@type":"ListItem","position":2,"name":"Archiv"}]},{"@type":"WebSite","@id":"https:\/\/roethlisberger.ch\/en\/#website","url":"https:\/\/roethlisberger.ch\/en\/","name":"R\u00f6thlisberger Kollektion | R\u00f6thlisberger Innenausbau","description":"","potentialAction":[{"@type":"SearchAction","target":{"@type":"EntryPoint","urlTemplate":"https:\/\/roethlisberger.ch\/en\/?s={search_term_string}"},"query-input":{"@type":"PropertyValueSpecification","valueRequired":true,"valueName":"search_term_string"}}],"inLanguage":"en-US"}]}},"_links":{"self":[{"href":"https:\/\/roethlisberger.ch\/en\/wp-json\/wp\/v2\/pages\/458","targetHints":{"allow":["GET"]}}],"collection":[{"href":"https:\/\/roethlisberger.ch\/en\/wp-json\/wp\/v2\/pages"}],"about":[{"href":"https:\/\/roethlisberger.ch\/en\/wp-json\/wp\/v2\/types\/page"}],"author":[{"embeddable":true,"href":"https:\/\/roethlisberger.ch\/en\/wp-json\/wp\/v2\/users\/1"}],"replies":[{"embeddable":true,"href":"https:\/\/roethlisberger.ch\/en\/wp-json\/wp\/v2\/comments?post=458"}],"version-history":[{"count":19,"href":"https:\/\/roethlisberger.ch\/en\/wp-json\/wp\/v2\/pages\/458\/revisions"}],"predecessor-version":[{"id":9757,"href":"https:\/\/roethlisberger.ch\/en\/wp-json\/wp\/v2\/pages\/458\/revisions\/9757"}],"wp:attachment":[{"href":"https:\/\/roethlisberger.ch\/en\/wp-json\/wp\/v2\/media?parent=458"}],"curies":[{"name":"wp","href":"https:\/\/api.w.org\/{rel}","templated":true}]}}