{"id":4417,"date":"2016-07-06T10:31:52","date_gmt":"2016-07-06T08:31:52","guid":{"rendered":"https:\/\/roethlisberger.ch\/?page_id=4417"},"modified":"2024-09-26T11:20:37","modified_gmt":"2024-09-26T09:20:37","slug":"myroe","status":"publish","type":"page","link":"https:\/\/roethlisberger.ch\/en\/myroe\/","title":{"rendered":"MyR\u00f6"},"content":{"rendered":"<p>Welcome to MyR\u00f6, the go-to-place for design enthusiasts and owners of our exclusive furniture. Sign up now to receive the latest news around our brand, R\u00f6 editions and our collection.<\/p>\n<p>Already own R\u00f6thlisberger furniture? Register your R\u00f6-products and benefit from a 10 year extended warranty.<\/p>\n<p>&nbsp;<\/p>","protected":false},"excerpt":{"rendered":"<p>Welcome to MyR\u00f6, the go-to-place for design enthusiasts and owners of our exclusive furniture. Sign up now to receive the latest news around our brand, R\u00f6 editions and our collection. Already own R\u00f6thlisberger furniture? Register your R\u00f6-products and benefit from &hellip;<\/p>\n","protected":false},"author":1,"featured_media":0,"parent":0,"menu_order":5,"comment_status":"closed","ping_status":"closed","template":"","meta":{"_acf_changed":false,"footnotes":""},"class_list":["post-4417","page","type-page","status-publish","hentry",""],"acf":[],"yoast_head":"<!-- This site is optimized with the Yoast SEO plugin v24.3 - https:\/\/yoast.com\/wordpress\/plugins\/seo\/ -->\n<title>MyR\u00f6 - R\u00f6thlisberger Kollektion | R\u00f6thlisberger Innenausbau<\/title>\n<meta name=\"robots\" content=\"index, follow, max-snippet:-1, max-image-preview:large, max-video-preview:-1\" \/>\n<link rel=\"canonical\" href=\"https:\/\/roethlisberger.ch\/en\/myroe\/\" \/>\n<meta property=\"og:locale\" content=\"en_US\" \/>\n<meta property=\"og:type\" content=\"article\" \/>\n<meta property=\"og:title\" content=\"MyR\u00f6 - R\u00f6thlisberger Kollektion | R\u00f6thlisberger Innenausbau\" \/>\n<meta property=\"og:description\" content=\"Welcome to MyR\u00f6, the go-to-place for design enthusiasts and owners of our exclusive furniture. Sign up now to receive the latest news around our brand, R\u00f6 editions and our collection. Already own R\u00f6thlisberger furniture? Register your R\u00f6-products and benefit from &hellip;\" \/>\n<meta property=\"og:url\" content=\"https:\/\/roethlisberger.ch\/en\/myroe\/\" \/>\n<meta property=\"og:site_name\" content=\"R\u00f6thlisberger Kollektion | R\u00f6thlisberger Innenausbau\" \/>\n<meta property=\"article:modified_time\" content=\"2024-09-26T09:20:37+00:00\" \/>\n<meta name=\"twitter:label1\" content=\"Est. reading time\" \/>\n\t<meta name=\"twitter:data1\" content=\"1 minute\" \/>\n<script type=\"application\/ld+json\" class=\"yoast-schema-graph\">{\"@context\":\"https:\/\/schema.org\",\"@graph\":[{\"@type\":\"WebPage\",\"@id\":\"https:\/\/roethlisberger.ch\/en\/myroe\/\",\"url\":\"https:\/\/roethlisberger.ch\/en\/myroe\/\",\"name\":\"MyR\u00f6 - R\u00f6thlisberger Kollektion | R\u00f6thlisberger Innenausbau\",\"isPartOf\":{\"@id\":\"https:\/\/roethlisberger.ch\/en\/#website\"},\"datePublished\":\"2016-07-06T08:31:52+00:00\",\"dateModified\":\"2024-09-26T09:20:37+00:00\",\"breadcrumb\":{\"@id\":\"https:\/\/roethlisberger.ch\/en\/myroe\/#breadcrumb\"},\"inLanguage\":\"en-US\",\"potentialAction\":[{\"@type\":\"ReadAction\",\"target\":[[\"https:\/\/roethlisberger.ch\/en\/myroe\/\"]]}]},{\"@type\":\"BreadcrumbList\",\"@id\":\"https:\/\/roethlisberger.ch\/en\/myroe\/#breadcrumb\",\"itemListElement\":[{\"@type\":\"ListItem\",\"position\":1,\"name\":\"Home\",\"item\":\"https:\/\/roethlisberger.ch\/en\/\"},{\"@type\":\"ListItem\",\"position\":2,\"name\":\"Anmeldung MyR\u00f6\"}]},{\"@type\":\"WebSite\",\"@id\":\"https:\/\/roethlisberger.ch\/en\/#website\",\"url\":\"https:\/\/roethlisberger.ch\/en\/\",\"name\":\"R\u00f6thlisberger Kollektion | R\u00f6thlisberger Innenausbau\",\"description\":\"\",\"potentialAction\":[{\"@type\":\"SearchAction\",\"target\":{\"@type\":\"EntryPoint\",\"urlTemplate\":\"https:\/\/roethlisberger.ch\/en\/?s={search_term_string}\"},\"query-input\":{\"@type\":\"PropertyValueSpecification\",\"valueRequired\":true,\"valueName\":\"search_term_string\"}}],\"inLanguage\":\"en-US\"}]}<\/script>\n<!-- \/ Yoast SEO plugin. -->","yoast_head_json":{"title":"MyR\u00f6 - R\u00f6thlisberger Kollektion | R\u00f6thlisberger Innenausbau","robots":{"index":"index","follow":"follow","max-snippet":"max-snippet:-1","max-image-preview":"max-image-preview:large","max-video-preview":"max-video-preview:-1"},"canonical":"https:\/\/roethlisberger.ch\/en\/myroe\/","og_locale":"en_US","og_type":"article","og_title":"MyR\u00f6 - R\u00f6thlisberger Kollektion | R\u00f6thlisberger Innenausbau","og_description":"Welcome to MyR\u00f6, the go-to-place for design enthusiasts and owners of our exclusive furniture. Sign up now to receive the latest news around our brand, R\u00f6 editions and our collection. Already own R\u00f6thlisberger furniture? Register your R\u00f6-products and benefit from &hellip;","og_url":"https:\/\/roethlisberger.ch\/en\/myroe\/","og_site_name":"R\u00f6thlisberger Kollektion | R\u00f6thlisberger Innenausbau","article_modified_time":"2024-09-26T09:20:37+00:00","twitter_misc":{"Est. reading time":"1 minute"},"schema":{"@context":"https:\/\/schema.org","@graph":[{"@type":"WebPage","@id":"https:\/\/roethlisberger.ch\/en\/myroe\/","url":"https:\/\/roethlisberger.ch\/en\/myroe\/","name":"MyR\u00f6 - R\u00f6thlisberger Kollektion | R\u00f6thlisberger Innenausbau","isPartOf":{"@id":"https:\/\/roethlisberger.ch\/en\/#website"},"datePublished":"2016-07-06T08:31:52+00:00","dateModified":"2024-09-26T09:20:37+00:00","breadcrumb":{"@id":"https:\/\/roethlisberger.ch\/en\/myroe\/#breadcrumb"},"inLanguage":"en-US","potentialAction":[{"@type":"ReadAction","target":[["https:\/\/roethlisberger.ch\/en\/myroe\/"]]}]},{"@type":"BreadcrumbList","@id":"https:\/\/roethlisberger.ch\/en\/myroe\/#breadcrumb","itemListElement":[{"@type":"ListItem","position":1,"name":"Home","item":"https:\/\/roethlisberger.ch\/en\/"},{"@type":"ListItem","position":2,"name":"Anmeldung MyR\u00f6"}]},{"@type":"WebSite","@id":"https:\/\/roethlisberger.ch\/en\/#website","url":"https:\/\/roethlisberger.ch\/en\/","name":"R\u00f6thlisberger Kollektion | R\u00f6thlisberger Innenausbau","description":"","potentialAction":[{"@type":"SearchAction","target":{"@type":"EntryPoint","urlTemplate":"https:\/\/roethlisberger.ch\/en\/?s={search_term_string}"},"query-input":{"@type":"PropertyValueSpecification","valueRequired":true,"valueName":"search_term_string"}}],"inLanguage":"en-US"}]}},"_links":{"self":[{"href":"https:\/\/roethlisberger.ch\/en\/wp-json\/wp\/v2\/pages\/4417","targetHints":{"allow":["GET"]}}],"collection":[{"href":"https:\/\/roethlisberger.ch\/en\/wp-json\/wp\/v2\/pages"}],"about":[{"href":"https:\/\/roethlisberger.ch\/en\/wp-json\/wp\/v2\/types\/page"}],"author":[{"embeddable":true,"href":"https:\/\/roethlisberger.ch\/en\/wp-json\/wp\/v2\/users\/1"}],"replies":[{"embeddable":true,"href":"https:\/\/roethlisberger.ch\/en\/wp-json\/wp\/v2\/comments?post=4417"}],"version-history":[{"count":31,"href":"https:\/\/roethlisberger.ch\/en\/wp-json\/wp\/v2\/pages\/4417\/revisions"}],"predecessor-version":[{"id":9597,"href":"https:\/\/roethlisberger.ch\/en\/wp-json\/wp\/v2\/pages\/4417\/revisions\/9597"}],"wp:attachment":[{"href":"https:\/\/roethlisberger.ch\/en\/wp-json\/wp\/v2\/media?parent=4417"}],"curies":[{"name":"wp","href":"https:\/\/api.w.org\/{rel}","templated":true}]}}